{"id":473,"date":"2018-01-27T13:09:22","date_gmt":"2018-01-27T12:09:22","guid":{"rendered":"https:\/\/rh-knives.cz\/uvod\/"},"modified":"2024-12-04T21:02:55","modified_gmt":"2024-12-04T20:02:55","slug":"uvod","status":"publish","type":"page","link":"https:\/\/rh-knives.cz\/en\/","title":{"rendered":"Introduction"},"content":{"rendered":"\n<figure class=\"wp-block-video\"><video autoplay loop muted src=\"https:\/\/rh-knives.cz\/wp-content\/uploads\/2024\/11\/IMG_5969-2.mov\" playsinline><\/video><\/figure>\n\n\n\n<div class=\"wp-block-columns ver-center mt-1 pt-1 is-layout-flex wp-container-3\">\n<div class=\"wp-block-column max-500 is-layout-flow\">\n<h1 class=\"wp-block-heading fw-bold text-uppercase\">Folders from Czechia<\/h1>\n\n\n\n<p class=\"has-normal-font-size\">Top technology, high-quality materials and modern design\u2014this is what best describes the knives I make. In my workshop I use advanced CNC machinery combined with traditional manual finishing techniques.<\/p>\n\n\n\n<p class=\"has-normal-font-size\">You can choose from a wide range of knives that are available for direct sale or upon request I can make a knife according to your specifications.<\/p>\n\n\n\n<p class=\"has-normal-font-size\">Follow me on <a href=\"https:\/\/www.instagram.com\/rh.knives\/\" data-type=\"URL\" data-id=\"https:\/\/www.instagram.com\/rh.knives\/\" target=\"_blank\" rel=\"noopener\">instagram<\/a> and <a href=\"https:\/\/www.facebook.com\/RH-knives-101971394937636\" data-type=\"URL\" data-id=\"https:\/\/www.facebook.com\/RH-knives-101971394937636\" target=\"_blank\" rel=\"noopener\">facebook<\/a><\/p>\n\n\n\n<p class=\"has-normal-font-size\">If you&#8217;re interested in anything feel free to contact me<\/p>\n<\/div>\n\n\n\n<div class=\"wp-block-column is-layout-flow\"><div id=\"slider-block_6750b336efb92\" class=\"proSlider carousel carousel-dark slide mb-5\" data-bs-ride=\"carousel\">\n\n                <div class=\"carousel-indicators\">\n\n                \n                <button type=\"button\" data-bs-target=\"#slider-block_6750b336efb92\" data-bs-slide-to=\"0\" aria-label=\"Slider 0\" class=\"indikator order-2 active\"><\/button>\n\n                \n                <button type=\"button\" data-bs-target=\"#slider-block_6750b336efb92\" data-bs-slide-to=\"1\" aria-label=\"Slider 1\" class=\"indikator order-2 \"><\/button>\n\n                \n                <button type=\"button\" data-bs-target=\"#slider-block_6750b336efb92\" data-bs-slide-to=\"2\" aria-label=\"Slider 2\" class=\"indikator order-2 \"><\/button>\n\n                \n                <button type=\"button\" data-bs-target=\"#slider-block_6750b336efb92\" data-bs-slide-to=\"3\" aria-label=\"Slider 3\" class=\"indikator order-2 \"><\/button>\n\n                              \n                <button class=\"carousel-control-prev order-1\" type=\"button\" data-bs-target=\"#slider-block_6750b336efb92\"  data-bs-slide=\"prev\">\n                <span class=\"carousel-control-prev-icon\" aria-hidden=\"true\"><\/span>\n                <span class=\"visually-hidden\">P\u0159edchoz\u00ed<\/span>\n              <\/button>\n                <button class=\"carousel-control-next order-3\" type=\"button\" data-bs-target=\"#slider-block_6750b336efb92\"  data-bs-slide=\"next\">\n              <span class=\"carousel-control-next-icon\" aria-hidden=\"true\"><\/span>\n              <span class=\"visually-hidden\">n\u00e1sleduj\u00edc\u00ed<\/span>\n            <\/button>\n            <\/div>\n        \n  \n                    <div class=\"carousel-inner\">\n                \n                <div class=\"carousel-item active\">\n                    \n                  \n                  <img decoding=\"async\" class=\"d-block w-100\" src=\"https:\/\/rh-knives.cz\/wp-content\/uploads\/2024\/11\/IMG_20220425_163252-01-1170x1170.jpeg\" alt=\"\" width=\"1170\" height=\"1170\" loading=\"lazy\" \/>\n                                    <\/div>\n\n                \n                <div class=\"carousel-item \">\n                    \n                  \n                  <img decoding=\"async\" class=\"d-block w-100\" src=\"https:\/\/rh-knives.cz\/wp-content\/uploads\/2024\/12\/IMG_20241203_153556-3-1170x1170.jpg\" alt=\"\" width=\"1170\" height=\"1170\" loading=\"lazy\" \/>\n                                    <\/div>\n\n                \n                <div class=\"carousel-item \">\n                    \n                  \n                  <img decoding=\"async\" class=\"d-block w-100\" src=\"https:\/\/rh-knives.cz\/wp-content\/uploads\/2024\/11\/IMG_20220421_182020-03-1170x1170.jpeg\" alt=\"\" width=\"1170\" height=\"1170\" loading=\"lazy\" \/>\n                                    <\/div>\n\n                \n                <div class=\"carousel-item \">\n                    \n                  \n                  <img decoding=\"async\" class=\"d-block w-100\" src=\"https:\/\/rh-knives.cz\/wp-content\/uploads\/2024\/08\/IMG_20240918_183025-1-1148x1170.jpg\" alt=\"\" width=\"1148\" height=\"1170\" loading=\"lazy\" \/>\n                                    <\/div>\n\n                            <\/div>\n          \n  \n\n<\/div><\/div>\n<\/div>\n\n\n\n<p><\/p>\n","protected":false},"excerpt":{"rendered":"<p>Folders from Czechia Top technology, high-quality materials and modern design\u2014this is what best describes the knives I make. In my workshop I use advanced CNC machinery combined with&#8230;<\/p>\n","protected":false},"author":1,"featured_media":0,"parent":0,"menu_order":0,"comment_status":"closed","ping_status":"open","template":"","meta":[],"acf":[],"_links":{"self":[{"href":"https:\/\/rh-knives.cz\/en\/wp-json\/wp\/v2\/pages\/473"}],"collection":[{"href":"https:\/\/rh-knives.cz\/en\/wp-json\/wp\/v2\/pages"}],"about":[{"href":"https:\/\/rh-knives.cz\/en\/wp-json\/wp\/v2\/types\/page"}],"author":[{"embeddable":true,"href":"https:\/\/rh-knives.cz\/en\/wp-json\/wp\/v2\/users\/1"}],"replies":[{"embeddable":true,"href":"https:\/\/rh-knives.cz\/en\/wp-json\/wp\/v2\/comments?post=473"}],"version-history":[{"count":20,"href":"https:\/\/rh-knives.cz\/en\/wp-json\/wp\/v2\/pages\/473\/revisions"}],"predecessor-version":[{"id":1131,"href":"https:\/\/rh-knives.cz\/en\/wp-json\/wp\/v2\/pages\/473\/revisions\/1131"}],"wp:attachment":[{"href":"https:\/\/rh-knives.cz\/en\/wp-json\/wp\/v2\/media?parent=473"}],"curies":[{"name":"wp","href":"https:\/\/api.w.org\/{rel}","templated":true}]}}